{"id":6416,"date":"2022-03-03T22:19:04","date_gmt":"2022-03-03T22:19:04","guid":{"rendered":"https:\/\/asnes-academy.com\/topics\/"},"modified":"2022-03-03T22:41:40","modified_gmt":"2022-03-03T22:41:40","slug":"topics","status":"publish","type":"page","link":"https:\/\/asnes-academy.com\/en\/topics\/","title":{"rendered":"Topics"},"content":{"rendered":"\t\t<div data-elementor-type=\"wp-page\" data-elementor-id=\"6416\" class=\"elementor elementor-6416\">\n\t\t\t\t\t\t<section class=\"elementor-section elementor-top-section elementor-element elementor-element-b1016f6 post-listing-wrapper elementor-section-boxed elementor-section-height-default elementor-section-height-default\" data-id=\"b1016f6\" data-element_type=\"section\">\n\t\t\t\t\t\t<div class=\"elementor-container elementor-column-gap-default\">\n\t\t\t\t\t<div class=\"elementor-column elementor-col-100 elementor-top-column elementor-element elementor-element-ccf7117\" data-id=\"ccf7117\" data-element_type=\"column\">\n\t\t\t<div class=\"elementor-widget-wrap elementor-element-populated\">\n\t\t\t\t\t\t<div class=\"elementor-element elementor-element-fb959b0 elementor-widget elementor-widget-AsnesCategoriesList\" data-id=\"fb959b0\" data-element_type=\"widget\" data-widget_type=\"AsnesCategoriesList.default\">\n\t\t\t\t<div class=\"elementor-widget-container\">\n\t\t\t\t\t\n<section class=\"categories--list\">\n    <div class=\"container\">\n        <div class=\"row\">\n                            <div class=\"column-4\">\n                    <div class=\"card\">\n                        <div class=\"card-body\">\n                            <h3>\n                                <a href=\"https:\/\/asnes-academy.com\/en\/topics\/trips-and-inspiration\/\" title=\"Trips and inspiration\">\n                                    Trips and inspiration                                <\/a>\n                            <\/h3>\n                            <div class=\"category--desc_wrap\">\n                                                                <p class=\"category--post_count\">Posts: <span>(7)<\/span><\/p>\n                            <\/div>\n                        <\/div>\n                    <\/div>\n                <\/div>\n                            <div class=\"column-4\">\n                    <div class=\"card\">\n                        <div class=\"card-body\">\n                            <h3>\n                                <a href=\"https:\/\/asnes-academy.com\/en\/topics\/tips-and-tricks\/\" title=\"Tips and tricks\">\n                                    Tips and tricks                                <\/a>\n                            <\/h3>\n                            <div class=\"category--desc_wrap\">\n                                                                <p class=\"category--post_count\">Posts: <span>(33)<\/span><\/p>\n                            <\/div>\n                        <\/div>\n                    <\/div>\n                <\/div>\n                            <div class=\"column-4\">\n                    <div class=\"card\">\n                        <div class=\"card-body\">\n                            <h3>\n                                <a href=\"https:\/\/asnes-academy.com\/en\/topics\/mountain-and-safety\/\" title=\"Mountain and safety\">\n                                    Mountain and safety                                <\/a>\n                            <\/h3>\n                            <div class=\"category--desc_wrap\">\n                                                                <p class=\"category--post_count\">Posts: <span>(15)<\/span><\/p>\n                            <\/div>\n                        <\/div>\n                    <\/div>\n                <\/div>\n                            <div class=\"column-4\">\n                    <div class=\"card\">\n                        <div class=\"card-body\">\n                            <h3>\n                                <a href=\"https:\/\/asnes-academy.com\/en\/topics\/choose-the-right-gear\/\" title=\"Choose the right gear\">\n                                    Choose the right gear                                <\/a>\n                            <\/h3>\n                            <div class=\"category--desc_wrap\">\n                                                                <p class=\"category--post_count\">Posts: <span>(15)<\/span><\/p>\n                            <\/div>\n                        <\/div>\n                    <\/div>\n                <\/div>\n                    <\/div>\n    <\/div>\n<\/section>\n\n\t\t\t\t<\/div>\n\t\t\t\t<\/div>\n\t\t\t\t\t<\/div>\n\t\t<\/div>\n\t\t\t\t\t<\/div>\n\t\t<\/section>\n\t\t\t\t<\/div>\n\t\t","protected":false},"excerpt":{"rendered":"<p>Vinterfriluftsliv Posts: (13) Uncategorized @no Posts: (6) Ukategorisert Posts: (1) Turfoto og videotips Posts: (1) Turblogg Posts: (8) Topptur Posts: (7) Skifeller Posts: (6) Med hund p\u00e5 tur Posts: (8) Lange turer og ekspedisjoner Posts: (8) Kj\u00f8psst\u00f8tte &#8211; \u00c5snes.com Posts: (3) Fjellskiskolen Posts: (1) Alt du trenger \u00e5 vite om ski, teknologi og materialer Posts:&hellip;<\/p>\n","protected":false},"author":4,"featured_media":4784,"parent":0,"menu_order":0,"comment_status":"closed","ping_status":"closed","template":"templates\/tpl-page-collection.php","meta":{"_acf_changed":false,"_uag_custom_page_level_css":"","footnotes":""},"class_list":["post-6416","page","type-page","status-publish","has-post-thumbnail","hentry"],"acf":[],"yoast_head":"<!-- This site is optimized with the Yoast SEO plugin v26.6 - https:\/\/yoast.com\/wordpress\/plugins\/seo\/ -->\n<title>Topics - \u00c5snes Academy<\/title>\n<meta name=\"robots\" content=\"index, follow, max-snippet:-1, max-image-preview:large, max-video-preview:-1\" \/>\n<link rel=\"canonical\" href=\"https:\/\/asnes-academy.com\/en\/topics\/\" \/>\n<meta property=\"og:locale\" content=\"en_US\" \/>\n<meta property=\"og:type\" content=\"article\" \/>\n<meta property=\"og:title\" content=\"Topics - \u00c5snes Academy\" \/>\n<meta property=\"og:description\" content=\"Vinterfriluftsliv Posts: (13) Uncategorized @no Posts: (6) Ukategorisert Posts: (1) Turfoto og videotips Posts: (1) Turblogg Posts: (8) Topptur Posts: (7) Skifeller Posts: (6) Med hund p\u00e5 tur Posts: (8) Lange turer og ekspedisjoner Posts: (8) Kj\u00f8psst\u00f8tte &#8211; \u00c5snes.com Posts: (3) Fjellskiskolen Posts: (1) Alt du trenger \u00e5 vite om ski, teknologi og materialer Posts:&hellip;\" \/>\n<meta property=\"og:url\" content=\"https:\/\/asnes-academy.com\/en\/topics\/\" \/>\n<meta property=\"og:site_name\" content=\"\u00c5snes Academy\" \/>\n<meta property=\"article:modified_time\" content=\"2022-03-03T22:41:40+00:00\" \/>\n<meta property=\"og:image\" content=\"https:\/\/asnes-academy.com\/wp-content\/uploads\/2021\/12\/Sigvor_mala4-scaled-1.jpg\" \/>\n\t<meta property=\"og:image:width\" content=\"2560\" \/>\n\t<meta property=\"og:image:height\" content=\"1707\" \/>\n\t<meta property=\"og:image:type\" content=\"image\/jpeg\" \/>\n<meta name=\"twitter:card\" content=\"summary_large_image\" \/>\n<script type=\"application\/ld+json\" class=\"yoast-schema-graph\">{\"@context\":\"https:\/\/schema.org\",\"@graph\":[{\"@type\":\"WebPage\",\"@id\":\"https:\/\/asnes-academy.com\/en\/topics\/\",\"url\":\"https:\/\/asnes-academy.com\/en\/topics\/\",\"name\":\"Topics - \u00c5snes Academy\",\"isPartOf\":{\"@id\":\"https:\/\/asnes-academy.com\/#website\"},\"primaryImageOfPage\":{\"@id\":\"https:\/\/asnes-academy.com\/en\/topics\/#primaryimage\"},\"image\":{\"@id\":\"https:\/\/asnes-academy.com\/en\/topics\/#primaryimage\"},\"thumbnailUrl\":\"https:\/\/asnes-academy.com\/wp-content\/uploads\/2021\/12\/Sigvor_mala4-scaled-1.jpg\",\"datePublished\":\"2022-03-03T22:19:04+00:00\",\"dateModified\":\"2022-03-03T22:41:40+00:00\",\"breadcrumb\":{\"@id\":\"https:\/\/asnes-academy.com\/en\/topics\/#breadcrumb\"},\"inLanguage\":\"en-US\",\"potentialAction\":[{\"@type\":\"ReadAction\",\"target\":[\"https:\/\/asnes-academy.com\/en\/topics\/\"]}]},{\"@type\":\"ImageObject\",\"inLanguage\":\"en-US\",\"@id\":\"https:\/\/asnes-academy.com\/en\/topics\/#primaryimage\",\"url\":\"https:\/\/asnes-academy.com\/wp-content\/uploads\/2021\/12\/Sigvor_mala4-scaled-1.jpg\",\"contentUrl\":\"https:\/\/asnes-academy.com\/wp-content\/uploads\/2021\/12\/Sigvor_mala4-scaled-1.jpg\",\"width\":2560,\"height\":1707},{\"@type\":\"BreadcrumbList\",\"@id\":\"https:\/\/asnes-academy.com\/en\/topics\/#breadcrumb\",\"itemListElement\":[{\"@type\":\"ListItem\",\"position\":1,\"name\":\"Home\",\"item\":\"https:\/\/asnes-academy.com\/\"},{\"@type\":\"ListItem\",\"position\":2,\"name\":\"Topics\"}]},{\"@type\":\"WebSite\",\"@id\":\"https:\/\/asnes-academy.com\/#website\",\"url\":\"https:\/\/asnes-academy.com\/\",\"name\":\"\u00c5snes Academy\",\"description\":\"Empower people to explore the great outdoor life\",\"potentialAction\":[{\"@type\":\"SearchAction\",\"target\":{\"@type\":\"EntryPoint\",\"urlTemplate\":\"https:\/\/asnes-academy.com\/?s={search_term_string}\"},\"query-input\":{\"@type\":\"PropertyValueSpecification\",\"valueRequired\":true,\"valueName\":\"search_term_string\"}}],\"inLanguage\":\"en-US\"}]}<\/script>\n<!-- \/ Yoast SEO plugin. -->","yoast_head_json":{"title":"Topics - \u00c5snes Academy","robots":{"index":"index","follow":"follow","max-snippet":"max-snippet:-1","max-image-preview":"max-image-preview:large","max-video-preview":"max-video-preview:-1"},"canonical":"https:\/\/asnes-academy.com\/en\/topics\/","og_locale":"en_US","og_type":"article","og_title":"Topics - \u00c5snes Academy","og_description":"Vinterfriluftsliv Posts: (13) Uncategorized @no Posts: (6) Ukategorisert Posts: (1) Turfoto og videotips Posts: (1) Turblogg Posts: (8) Topptur Posts: (7) Skifeller Posts: (6) Med hund p\u00e5 tur Posts: (8) Lange turer og ekspedisjoner Posts: (8) Kj\u00f8psst\u00f8tte &#8211; \u00c5snes.com Posts: (3) Fjellskiskolen Posts: (1) Alt du trenger \u00e5 vite om ski, teknologi og materialer Posts:&hellip;","og_url":"https:\/\/asnes-academy.com\/en\/topics\/","og_site_name":"\u00c5snes Academy","article_modified_time":"2022-03-03T22:41:40+00:00","og_image":[{"width":2560,"height":1707,"url":"https:\/\/asnes-academy.com\/wp-content\/uploads\/2021\/12\/Sigvor_mala4-scaled-1.jpg","type":"image\/jpeg"}],"twitter_card":"summary_large_image","schema":{"@context":"https:\/\/schema.org","@graph":[{"@type":"WebPage","@id":"https:\/\/asnes-academy.com\/en\/topics\/","url":"https:\/\/asnes-academy.com\/en\/topics\/","name":"Topics - \u00c5snes Academy","isPartOf":{"@id":"https:\/\/asnes-academy.com\/#website"},"primaryImageOfPage":{"@id":"https:\/\/asnes-academy.com\/en\/topics\/#primaryimage"},"image":{"@id":"https:\/\/asnes-academy.com\/en\/topics\/#primaryimage"},"thumbnailUrl":"https:\/\/asnes-academy.com\/wp-content\/uploads\/2021\/12\/Sigvor_mala4-scaled-1.jpg","datePublished":"2022-03-03T22:19:04+00:00","dateModified":"2022-03-03T22:41:40+00:00","breadcrumb":{"@id":"https:\/\/asnes-academy.com\/en\/topics\/#breadcrumb"},"inLanguage":"en-US","potentialAction":[{"@type":"ReadAction","target":["https:\/\/asnes-academy.com\/en\/topics\/"]}]},{"@type":"ImageObject","inLanguage":"en-US","@id":"https:\/\/asnes-academy.com\/en\/topics\/#primaryimage","url":"https:\/\/asnes-academy.com\/wp-content\/uploads\/2021\/12\/Sigvor_mala4-scaled-1.jpg","contentUrl":"https:\/\/asnes-academy.com\/wp-content\/uploads\/2021\/12\/Sigvor_mala4-scaled-1.jpg","width":2560,"height":1707},{"@type":"BreadcrumbList","@id":"https:\/\/asnes-academy.com\/en\/topics\/#breadcrumb","itemListElement":[{"@type":"ListItem","position":1,"name":"Home","item":"https:\/\/asnes-academy.com\/"},{"@type":"ListItem","position":2,"name":"Topics"}]},{"@type":"WebSite","@id":"https:\/\/asnes-academy.com\/#website","url":"https:\/\/asnes-academy.com\/","name":"\u00c5snes Academy","description":"Empower people to explore the great outdoor life","potentialAction":[{"@type":"SearchAction","target":{"@type":"EntryPoint","urlTemplate":"https:\/\/asnes-academy.com\/?s={search_term_string}"},"query-input":{"@type":"PropertyValueSpecification","valueRequired":true,"valueName":"search_term_string"}}],"inLanguage":"en-US"}]}},"uagb_featured_image_src":{"full":["https:\/\/asnes-academy.com\/wp-content\/uploads\/2021\/12\/Sigvor_mala4-scaled-1.jpg",2560,1707,false],"thumbnail":["https:\/\/asnes-academy.com\/wp-content\/uploads\/2021\/12\/Sigvor_mala4-scaled-1-150x150.jpg",150,150,true],"medium":["https:\/\/asnes-academy.com\/wp-content\/uploads\/2021\/12\/Sigvor_mala4-scaled-1-300x200.jpg",300,200,true],"medium_large":["https:\/\/asnes-academy.com\/wp-content\/uploads\/2021\/12\/Sigvor_mala4-scaled-1-768x512.jpg",768,512,true],"large":["https:\/\/asnes-academy.com\/wp-content\/uploads\/2021\/12\/Sigvor_mala4-scaled-1-1024x683.jpg",1024,683,true],"1536x1536":["https:\/\/asnes-academy.com\/wp-content\/uploads\/2021\/12\/Sigvor_mala4-scaled-1-1536x1024.jpg",1536,1024,true],"2048x2048":["https:\/\/asnes-academy.com\/wp-content\/uploads\/2021\/12\/Sigvor_mala4-scaled-1-2048x1366.jpg",2048,1366,true],"post-thumbnail":["https:\/\/asnes-academy.com\/wp-content\/uploads\/2021\/12\/Sigvor_mala4-scaled-1-823x365.jpg",823,365,true],"asnes_1200x500":["https:\/\/asnes-academy.com\/wp-content\/uploads\/2021\/12\/Sigvor_mala4-scaled-1-1200x500.jpg",1200,500,true],"asnes_600x450":["https:\/\/asnes-academy.com\/wp-content\/uploads\/2021\/12\/Sigvor_mala4-scaled-1-600x450.jpg",600,450,true],"asnes_400x250":["https:\/\/asnes-academy.com\/wp-content\/uploads\/2021\/12\/Sigvor_mala4-scaled-1-400x250.jpg",400,250,true]},"uagb_author_info":{"display_name":"datahove","author_link":"https:\/\/asnes-academy.com\/en\/author\/datahove\/"},"uagb_comment_info":0,"uagb_excerpt":"Vinterfriluftsliv Posts: (13) Uncategorized @no Posts: (6) Ukategorisert Posts: (1) Turfoto og videotips Posts: (1) Turblogg Posts: (8) Topptur Posts: (7) Skifeller Posts: (6) Med hund p\u00e5 tur Posts: (8) Lange turer og ekspedisjoner Posts: (8) Kj\u00f8psst\u00f8tte &#8211; \u00c5snes.com Posts: (3) Fjellskiskolen Posts: (1) Alt du trenger \u00e5 vite om ski, teknologi og materialer Posts:&hellip;","_links":{"self":[{"href":"https:\/\/asnes-academy.com\/en\/wp-json\/wp\/v2\/pages\/6416","targetHints":{"allow":["GET"]}}],"collection":[{"href":"https:\/\/asnes-academy.com\/en\/wp-json\/wp\/v2\/pages"}],"about":[{"href":"https:\/\/asnes-academy.com\/en\/wp-json\/wp\/v2\/types\/page"}],"author":[{"embeddable":true,"href":"https:\/\/asnes-academy.com\/en\/wp-json\/wp\/v2\/users\/4"}],"replies":[{"embeddable":true,"href":"https:\/\/asnes-academy.com\/en\/wp-json\/wp\/v2\/comments?post=6416"}],"version-history":[{"count":1,"href":"https:\/\/asnes-academy.com\/en\/wp-json\/wp\/v2\/pages\/6416\/revisions"}],"predecessor-version":[{"id":6430,"href":"https:\/\/asnes-academy.com\/en\/wp-json\/wp\/v2\/pages\/6416\/revisions\/6430"}],"wp:featuredmedia":[{"embeddable":true,"href":"https:\/\/asnes-academy.com\/en\/wp-json\/wp\/v2\/media\/4784"}],"wp:attachment":[{"href":"https:\/\/asnes-academy.com\/en\/wp-json\/wp\/v2\/media?parent=6416"}],"curies":[{"name":"wp","href":"https:\/\/api.w.org\/{rel}","templated":true}]}}