{"id":6417,"date":"2022-03-03T22:20:54","date_gmt":"2022-03-03T22:20:54","guid":{"rendered":"https:\/\/asnes-academy.com\/about-asnes-academy\/"},"modified":"2022-12-21T21:27:33","modified_gmt":"2022-12-21T21:27:33","slug":"about-asnes-academy","status":"publish","type":"page","link":"https:\/\/asnes-academy.com\/en\/about-asnes-academy\/","title":{"rendered":"About \u00c5snes Academy"},"content":{"rendered":"\n<section class=\"wp-block-uagb-columns uagb-columns__wrap uagb-columns__background-none uagb-columns__stack-mobile uagb-columns__valign- uagb-columns__gap-0 align uagb-block-dfb3904d uagb-columns__columns-1 uagb-columns__max_width-theme\"><div class=\"uagb-columns__overlay\"><\/div><div class=\"uagb-columns__inner-wrap uagb-columns__columns-1\">\n<div class=\"wp-block-uagb-column uagb-column__wrap uagb-column__background-undefined uagb-block-184e63ad\"><div class=\"uagb-column__overlay\"><\/div>\n<h2 class=\"wp-block-heading\">What is \u00c5snes Academy?<\/h2>\n<\/div>\n<\/div><\/section>\n\n\n\n<p>\u00c5snes Academy is the digital bible for those who love the outdoors \u2013 experienced or about to set off on their first solo overnight tour. There&#8217;s advice and information for all. Our promise is to create and facilitate real nature experiences and the freedom that comes with them. \u00c5snes Academy will be in continuous development. We welcome questions with open arms. If there&#8217;s something you&#8217;re wondering, or want us to write, make a video, or create a course about \u2013 let us know. We&#8217;ll do our best to bring your wishes to reality!<\/p>\n\n\n\n<h2 class=\"wp-block-heading\">The more information you have at your fingertips, the less daunting it is to enjoy nature<strong>!<\/strong><\/h2>\n\n\n\n<p>At \u00c5snes, this has always been our goal and guiding principal: to contribute the tools needed for exploration, for challenging our own limits in real, wild nature. We&#8217;re very lucky here in Norway. Nature&#8217;s so close. It&#8217;s easily accessible to all.<\/p>\n\n\n\n<p>The world&#8217;s changed since we first began making skis in the early 20th century. But nature&#8217;s still here. And for as long as we can protect it, its ours to enjoy. It&#8217;s our certain belief that the more one actively enjoys nature, the more protective we become of it and the happier we are \u2013&nbsp;and the more we seek out the fragile wild. This is therapy for the soul in our restless everyday lives. But we know, too, that many find the prospect of embarking on tours and mini-expeditions a bit scary. Oerwhelming, even. That&#8217;s why \u00c5snes Academy exists!<\/p>\n\n\n\n<p><strong>In addition to the exhaustive information available here, we&#8217;ll also be offerring:<\/strong><\/p>\n\n\n\n<div class=\"wp-block-uagb-icon-list uagb-block-409ea3a4 uagb-icon-list__outer-wrap uagb-icon-list__layout-vertical mb-5\"><div class=\"uagb-icon-list__wrap\">\n<div class=\"wp-block-uagb-icon-list-child uagb-block-701bc850 uagb-icon-list-repeater uagb-icon-list__wrapper\"><a target=\"_self\" aria-label=\"In-store training\" rel=\"noopener noreferrer\" href=\"#\"> <\/a><span class=\"uagb-icon-list__source-wrap\"><svg xmlns=\"https:\/\/www.w3.org\/2000\/svg\" viewBox=\"0 0 512 512\"><path d=\"M0 256C0 114.6 114.6 0 256 0C397.4 0 512 114.6 512 256C512 397.4 397.4 512 256 512C114.6 512 0 397.4 0 256zM256 368C269.3 368 280 357.3 280 344V280H344C357.3 280 368 269.3 368 256C368 242.7 357.3 232 344 232H280V168C280 154.7 269.3 144 256 144C242.7 144 232 154.7 232 168V232H168C154.7 232 144 242.7 144 256C144 269.3 154.7 280 168 280H232V344C232 357.3 242.7 368 256 368z\"><\/path><\/svg><\/span><span class=\"uagb-icon-list__label\"><strong>In-store training<\/strong><\/span><\/div>\n\n\n\n<div class=\"wp-block-uagb-icon-list-child uagb-block-a16a2db7 uagb-icon-list-repeater uagb-icon-list__wrapper\"><a target=\"_self\" aria-label=\"\u201cBest in class\u201d personal training for the sports industry\" rel=\"noopener noreferrer\" href=\"#\"> <\/a><span class=\"uagb-icon-list__source-wrap\"><svg xmlns=\"https:\/\/www.w3.org\/2000\/svg\" viewBox=\"0 0 512 512\"><path d=\"M0 256C0 114.6 114.6 0 256 0C397.4 0 512 114.6 512 256C512 397.4 397.4 512 256 512C114.6 512 0 397.4 0 256zM256 368C269.3 368 280 357.3 280 344V280H344C357.3 280 368 269.3 368 256C368 242.7 357.3 232 344 232H280V168C280 154.7 269.3 144 256 144C242.7 144 232 154.7 232 168V232H168C154.7 232 144 242.7 144 256C144 269.3 154.7 280 168 280H232V344C232 357.3 242.7 368 256 368z\"><\/path><\/svg><\/span><span class=\"uagb-icon-list__label\"><strong><strong>\u201cBest in class\u201d personal training for the sports industry<\/strong><\/strong><\/span><\/div>\n\n\n\n<div class=\"wp-block-uagb-icon-list-child uagb-block-980918ac uagb-icon-list-repeater uagb-icon-list__wrapper\"><a target=\"_self\" aria-label=\"Training sessions\/ basecamps\" rel=\"noopener noreferrer\" href=\"#\"> <\/a><span class=\"uagb-icon-list__source-wrap\"><svg xmlns=\"https:\/\/www.w3.org\/2000\/svg\" viewBox=\"0 0 512 512\"><path d=\"M0 256C0 114.6 114.6 0 256 0C397.4 0 512 114.6 512 256C512 397.4 397.4 512 256 512C114.6 512 0 397.4 0 256zM256 368C269.3 368 280 357.3 280 344V280H344C357.3 280 368 269.3 368 256C368 242.7 357.3 232 344 232H280V168C280 154.7 269.3 144 256 144C242.7 144 232 154.7 232 168V232H168C154.7 232 144 242.7 144 256C144 269.3 154.7 280 168 280H232V344C232 357.3 242.7 368 256 368z\"><\/path><\/svg><\/span><span class=\"uagb-icon-list__label\"><strong><strong>Training sessions\/ basecamps<\/strong><\/strong><\/span><\/div>\n\n\n\n<div class=\"wp-block-uagb-icon-list-child uagb-block-f4597bbe uagb-icon-list-repeater uagb-icon-list__wrapper\"><a target=\"_self\" aria-label=\"Lectures\" rel=\"noopener noreferrer\" href=\"#\"> <\/a><span class=\"uagb-icon-list__source-wrap\"><svg xmlns=\"https:\/\/www.w3.org\/2000\/svg\" viewBox=\"0 0 512 512\"><path d=\"M0 256C0 114.6 114.6 0 256 0C397.4 0 512 114.6 512 256C512 397.4 397.4 512 256 512C114.6 512 0 397.4 0 256zM256 368C269.3 368 280 357.3 280 344V280H344C357.3 280 368 269.3 368 256C368 242.7 357.3 232 344 232H280V168C280 154.7 269.3 144 256 144C242.7 144 232 154.7 232 168V232H168C154.7 232 144 242.7 144 256C144 269.3 154.7 280 168 280H232V344C232 357.3 242.7 368 256 368z\"><\/path><\/svg><\/span><span class=\"uagb-icon-list__label\"><strong><strong><strong>Lectures<\/strong><\/strong><\/strong><\/span><\/div>\n\n\n\n<div class=\"wp-block-uagb-icon-list-child uagb-block-bc8740b2 uagb-icon-list-repeater uagb-icon-list__wrapper\"><a target=\"_self\" aria-label=\"Virtual training\" rel=\"noopener noreferrer\" href=\"#\"> <\/a><span class=\"uagb-icon-list__source-wrap\"><svg xmlns=\"https:\/\/www.w3.org\/2000\/svg\" viewBox=\"0 0 512 512\"><path d=\"M0 256C0 114.6 114.6 0 256 0C397.4 0 512 114.6 512 256C512 397.4 397.4 512 256 512C114.6 512 0 397.4 0 256zM256 368C269.3 368 280 357.3 280 344V280H344C357.3 280 368 269.3 368 256C368 242.7 357.3 232 344 232H280V168C280 154.7 269.3 144 256 144C242.7 144 232 154.7 232 168V232H168C154.7 232 144 242.7 144 256C144 269.3 154.7 280 168 280H232V344C232 357.3 242.7 368 256 368z\"><\/path><\/svg><\/span><span class=\"uagb-icon-list__label\"><strong><strong><strong>Virtual training<\/strong><\/strong><\/strong><\/span><\/div>\n\n\n\n<div class=\"wp-block-uagb-icon-list-child uagb-block-7f7a3fd1 uagb-icon-list-repeater uagb-icon-list__wrapper\"><a target=\"_self\" aria-label=\"Courses and learning sessions for beginners\" rel=\"noopener noreferrer\" href=\"#\"> <\/a><span class=\"uagb-icon-list__source-wrap\"><svg xmlns=\"https:\/\/www.w3.org\/2000\/svg\" viewBox=\"0 0 512 512\"><path d=\"M0 256C0 114.6 114.6 0 256 0C397.4 0 512 114.6 512 256C512 397.4 397.4 512 256 512C114.6 512 0 397.4 0 256zM256 368C269.3 368 280 357.3 280 344V280H344C357.3 280 368 269.3 368 256C368 242.7 357.3 232 344 232H280V168C280 154.7 269.3 144 256 144C242.7 144 232 154.7 232 168V232H168C154.7 232 144 242.7 144 256C144 269.3 154.7 280 168 280H232V344C232 357.3 242.7 368 256 368z\"><\/path><\/svg><\/span><span class=\"uagb-icon-list__label\"><strong><strong><strong><strong>Courses and learning sessions for beginners<\/strong><\/strong><\/strong><\/strong><\/span><\/div>\n\n\n\n<div class=\"wp-block-uagb-icon-list-child uagb-block-a6e85cf7 uagb-icon-list-repeater uagb-icon-list__wrapper\"><a target=\"_self\" aria-label=\"Access to the world's greatest experts \u2013 literally\" rel=\"noopener noreferrer\" href=\"#\"> <\/a><span class=\"uagb-icon-list__source-wrap\"><svg xmlns=\"https:\/\/www.w3.org\/2000\/svg\" viewBox=\"0 0 512 512\"><path d=\"M0 256C0 114.6 114.6 0 256 0C397.4 0 512 114.6 512 256C512 397.4 397.4 512 256 512C114.6 512 0 397.4 0 256zM256 368C269.3 368 280 357.3 280 344V280H344C357.3 280 368 269.3 368 256C368 242.7 357.3 232 344 232H280V168C280 154.7 269.3 144 256 144C242.7 144 232 154.7 232 168V232H168C154.7 232 144 242.7 144 256C144 269.3 154.7 280 168 280H232V344C232 357.3 242.7 368 256 368z\"><\/path><\/svg><\/span><span class=\"uagb-icon-list__label\"><strong><strong><strong><strong><strong>Access to the world&#8217;s greatest experts \u2013 literally<\/strong><\/strong><\/strong><\/strong><\/strong><\/span><\/div>\n<\/div><\/div>\n","protected":false},"excerpt":{"rendered":"<p>What is \u00c5snes Academy? \u00c5snes Academy is the digital bible for those who love the outdoors \u2013 experienced or about to set off on their first solo overnight tour. There&#8217;s advice and information for all. Our promise is to create and facilitate real nature experiences and the freedom that comes with them. \u00c5snes Academy will&hellip;<\/p>\n","protected":false},"author":4,"featured_media":0,"parent":0,"menu_order":0,"comment_status":"closed","ping_status":"closed","template":"","meta":{"_acf_changed":false,"_uag_custom_page_level_css":"","footnotes":""},"class_list":["post-6417","page","type-page","status-publish","hentry"],"acf":[],"yoast_head":"<!-- This site is optimized with the Yoast SEO plugin v26.6 - https:\/\/yoast.com\/wordpress\/plugins\/seo\/ -->\n<title>About \u00c5snes Academy - \u00c5snes Academy<\/title>\n<meta name=\"robots\" content=\"index, follow, max-snippet:-1, max-image-preview:large, max-video-preview:-1\" \/>\n<link rel=\"canonical\" href=\"https:\/\/asnes-academy.com\/en\/about-asnes-academy\/\" \/>\n<meta property=\"og:locale\" content=\"en_US\" \/>\n<meta property=\"og:type\" content=\"article\" \/>\n<meta property=\"og:title\" content=\"About \u00c5snes Academy - \u00c5snes Academy\" \/>\n<meta property=\"og:description\" content=\"What is \u00c5snes Academy? \u00c5snes Academy is the digital bible for those who love the outdoors \u2013 experienced or about to set off on their first solo overnight tour. There&#8217;s advice and information for all. Our promise is to create and facilitate real nature experiences and the freedom that comes with them. \u00c5snes Academy will&hellip;\" \/>\n<meta property=\"og:url\" content=\"https:\/\/asnes-academy.com\/en\/about-asnes-academy\/\" \/>\n<meta property=\"og:site_name\" content=\"\u00c5snes Academy\" \/>\n<meta property=\"article:modified_time\" content=\"2022-12-21T21:27:33+00:00\" \/>\n<meta name=\"twitter:card\" content=\"summary_large_image\" \/>\n<script type=\"application\/ld+json\" class=\"yoast-schema-graph\">{\"@context\":\"https:\/\/schema.org\",\"@graph\":[{\"@type\":\"WebPage\",\"@id\":\"https:\/\/asnes-academy.com\/en\/about-asnes-academy\/\",\"url\":\"https:\/\/asnes-academy.com\/en\/about-asnes-academy\/\",\"name\":\"About \u00c5snes Academy - \u00c5snes Academy\",\"isPartOf\":{\"@id\":\"https:\/\/asnes-academy.com\/#website\"},\"datePublished\":\"2022-03-03T22:20:54+00:00\",\"dateModified\":\"2022-12-21T21:27:33+00:00\",\"breadcrumb\":{\"@id\":\"https:\/\/asnes-academy.com\/en\/about-asnes-academy\/#breadcrumb\"},\"inLanguage\":\"en-US\",\"potentialAction\":[{\"@type\":\"ReadAction\",\"target\":[\"https:\/\/asnes-academy.com\/en\/about-asnes-academy\/\"]}]},{\"@type\":\"BreadcrumbList\",\"@id\":\"https:\/\/asnes-academy.com\/en\/about-asnes-academy\/#breadcrumb\",\"itemListElement\":[{\"@type\":\"ListItem\",\"position\":1,\"name\":\"Home\",\"item\":\"https:\/\/asnes-academy.com\/\"},{\"@type\":\"ListItem\",\"position\":2,\"name\":\"About \u00c5snes Academy\"}]},{\"@type\":\"WebSite\",\"@id\":\"https:\/\/asnes-academy.com\/#website\",\"url\":\"https:\/\/asnes-academy.com\/\",\"name\":\"\u00c5snes Academy\",\"description\":\"Empower people to explore the great outdoor life\",\"potentialAction\":[{\"@type\":\"SearchAction\",\"target\":{\"@type\":\"EntryPoint\",\"urlTemplate\":\"https:\/\/asnes-academy.com\/?s={search_term_string}\"},\"query-input\":{\"@type\":\"PropertyValueSpecification\",\"valueRequired\":true,\"valueName\":\"search_term_string\"}}],\"inLanguage\":\"en-US\"}]}<\/script>\n<!-- \/ Yoast SEO plugin. -->","yoast_head_json":{"title":"About \u00c5snes Academy - \u00c5snes Academy","robots":{"index":"index","follow":"follow","max-snippet":"max-snippet:-1","max-image-preview":"max-image-preview:large","max-video-preview":"max-video-preview:-1"},"canonical":"https:\/\/asnes-academy.com\/en\/about-asnes-academy\/","og_locale":"en_US","og_type":"article","og_title":"About \u00c5snes Academy - \u00c5snes Academy","og_description":"What is \u00c5snes Academy? \u00c5snes Academy is the digital bible for those who love the outdoors \u2013 experienced or about to set off on their first solo overnight tour. There&#8217;s advice and information for all. Our promise is to create and facilitate real nature experiences and the freedom that comes with them. \u00c5snes Academy will&hellip;","og_url":"https:\/\/asnes-academy.com\/en\/about-asnes-academy\/","og_site_name":"\u00c5snes Academy","article_modified_time":"2022-12-21T21:27:33+00:00","twitter_card":"summary_large_image","schema":{"@context":"https:\/\/schema.org","@graph":[{"@type":"WebPage","@id":"https:\/\/asnes-academy.com\/en\/about-asnes-academy\/","url":"https:\/\/asnes-academy.com\/en\/about-asnes-academy\/","name":"About \u00c5snes Academy - \u00c5snes Academy","isPartOf":{"@id":"https:\/\/asnes-academy.com\/#website"},"datePublished":"2022-03-03T22:20:54+00:00","dateModified":"2022-12-21T21:27:33+00:00","breadcrumb":{"@id":"https:\/\/asnes-academy.com\/en\/about-asnes-academy\/#breadcrumb"},"inLanguage":"en-US","potentialAction":[{"@type":"ReadAction","target":["https:\/\/asnes-academy.com\/en\/about-asnes-academy\/"]}]},{"@type":"BreadcrumbList","@id":"https:\/\/asnes-academy.com\/en\/about-asnes-academy\/#breadcrumb","itemListElement":[{"@type":"ListItem","position":1,"name":"Home","item":"https:\/\/asnes-academy.com\/"},{"@type":"ListItem","position":2,"name":"About \u00c5snes Academy"}]},{"@type":"WebSite","@id":"https:\/\/asnes-academy.com\/#website","url":"https:\/\/asnes-academy.com\/","name":"\u00c5snes Academy","description":"Empower people to explore the great outdoor life","potentialAction":[{"@type":"SearchAction","target":{"@type":"EntryPoint","urlTemplate":"https:\/\/asnes-academy.com\/?s={search_term_string}"},"query-input":{"@type":"PropertyValueSpecification","valueRequired":true,"valueName":"search_term_string"}}],"inLanguage":"en-US"}]}},"uagb_featured_image_src":{"full":false,"thumbnail":false,"medium":false,"medium_large":false,"large":false,"1536x1536":false,"2048x2048":false,"post-thumbnail":false,"asnes_1200x500":false,"asnes_600x450":false,"asnes_400x250":false},"uagb_author_info":{"display_name":"datahove","author_link":"https:\/\/asnes-academy.com\/en\/author\/datahove\/"},"uagb_comment_info":0,"uagb_excerpt":"What is \u00c5snes Academy? \u00c5snes Academy is the digital bible for those who love the outdoors \u2013 experienced or about to set off on their first solo overnight tour. There&#8217;s advice and information for all. Our promise is to create and facilitate real nature experiences and the freedom that comes with them. \u00c5snes Academy will&hellip;","_links":{"self":[{"href":"https:\/\/asnes-academy.com\/en\/wp-json\/wp\/v2\/pages\/6417","targetHints":{"allow":["GET"]}}],"collection":[{"href":"https:\/\/asnes-academy.com\/en\/wp-json\/wp\/v2\/pages"}],"about":[{"href":"https:\/\/asnes-academy.com\/en\/wp-json\/wp\/v2\/types\/page"}],"author":[{"embeddable":true,"href":"https:\/\/asnes-academy.com\/en\/wp-json\/wp\/v2\/users\/4"}],"replies":[{"embeddable":true,"href":"https:\/\/asnes-academy.com\/en\/wp-json\/wp\/v2\/comments?post=6417"}],"version-history":[{"count":24,"href":"https:\/\/asnes-academy.com\/en\/wp-json\/wp\/v2\/pages\/6417\/revisions"}],"predecessor-version":[{"id":7026,"href":"https:\/\/asnes-academy.com\/en\/wp-json\/wp\/v2\/pages\/6417\/revisions\/7026"}],"wp:attachment":[{"href":"https:\/\/asnes-academy.com\/en\/wp-json\/wp\/v2\/media?parent=6417"}],"curies":[{"name":"wp","href":"https:\/\/api.w.org\/{rel}","templated":true}]}}